{"id":125,"date":"2016-03-11T15:35:10","date_gmt":"2016-03-11T15:35:10","guid":{"rendered":"http:\/\/erablierewesthill.ca\/?page_id=125"},"modified":"2026-02-02T22:14:34","modified_gmt":"2026-02-02T22:14:34","slug":"saison-2016-season","status":"publish","type":"page","link":"https:\/\/erablierewesthill.ca\/?page_id=125","title":{"rendered":"SAISON 2016 SEASON"},"content":{"rendered":"<figure id=\"attachment_107\" aria-describedby=\"caption-attachment-107\" style=\"width: 990px\" class=\"wp-caption aligncenter\"><img loading=\"lazy\" decoding=\"async\" class=\"wp-image-107 size-full\" src=\"http:\/\/erablierewesthill.ca\/wp-content\/uploads\/2015\/02\/cabane2015_05.jpg\" alt=\"\u00c7a c'est le meilleur cette ann\u00e9e! Les sourires en disent long!\" width=\"990\" height=\"743\" srcset=\"https:\/\/erablierewesthill.ca\/wp-content\/uploads\/2015\/02\/cabane2015_05.jpg 990w, https:\/\/erablierewesthill.ca\/wp-content\/uploads\/2015\/02\/cabane2015_05-300x225.jpg 300w\" sizes=\"auto, (max-width: 990px) 100vw, 990px\" \/><figcaption id=\"caption-attachment-107\" class=\"wp-caption-text\">\u00c7a c&#8217;est le meilleur cette ann\u00e9e! Les sourires en disent long!<\/figcaption><\/figure>\n<p>2016 est enfin arriv\u00e9e! \u00a0C&#8217;est la 15\u00e8me saison de production de sirop d&#8217;\u00e9rable, de beurre d&#8217;\u00e9rable, tire d&#8217;\u00e9rable et chocolats fourr\u00e9s au beurre d&#8217;\u00e9rable! \u00a0Le printemps est tr\u00e8s hatif cette ann\u00e9e, un hiver tr\u00e8s doux contrairement \u00e0 l&#8217;an dernier. \u00a0Le couvert de neige est mince aussi mais tout semble normal sinon. \u00a0 On a d\u00e9j\u00e0 h\u00e2te aux fameuses recettes que nous pourrons faire avec le sirop de l&#8217;ann\u00e9e. \u00a0Le sirop d&#8217;\u00e9rable est de plus en plus populaire gr\u00e2ce \u00e0 l&#8217;\u00e9mission un chef \u00e0 la cabane et Martin Picard. \u00a0On se rend compte que l&#8217;attention \u00e0 la qualit\u00e9 que nous portons \u00e0 chaque ann\u00e9e est contagieux car nos clients consomment de plus en plus nos produits. \u00a0Vous \u00eates tous invit\u00e9s \u00e0 visiter Lise et Andr\u00e9 Paris \u00e0 la cabane. \u00a0Venez faire un tour pour une randonn\u00e9e en for\u00eat en m\u00eame temps. \u00a0Notre site est exceptionnel! \u00a0Les produits 2016 vous attended d\u00e9j\u00e0! \u00a0Appelez nous sinon pour faire une commande. \u00a0N\u2019oubliez pas nous ne servons pas de repas de cabane. Appelez-nous avant de vous d\u00e9placer au 450-292-3338 sinon hors saison au 450-360-0688.<\/p>\n<p>Les photos qui suivent ont \u00e9t\u00e9 prises durant l&#8217;entaillage et le d\u00e9but de la saison 2016.<\/p>\n<p>EN: the 2016 season<\/p>\n<p>2016 sugaring season has arrived! This is our 15th year of maple syrup production but we also make maple butter, maple taffy and chocolate filled with maple butter! Spring is very hasty this year, a very mild winter unlike last year. The snow cover is thin but otherwise everything seems normal. We look forward to try new or traditional recipes we&#8217;ll be able to do with this year&#8217;s fresh maple syrup. Maple syrup is increasingly popular due to the tv show a chef \u00e0 la cabane with Martin Picard. We realize that the attention to quality over quantity we bring each year can be contagious as we notice our customers are consuming more and more of our products. You are all invited to visit Lise and Andre Paris at the sugarshack. Come on down for a hike in the forest while picking your sweet treats. Our site is truly exceptional! 2016 products are already available! Call us to place an order. Remember we do not serve shack meal. Call us before you travel to the shack at 450-292-3338, \u00a0if your are off season call 450-360-0688.<\/p>\n<p>The pictures that follow were taken during this season&#8217;s tapping of the maple trees.<\/p>\n<figure id=\"attachment_134\" aria-describedby=\"caption-attachment-134\" style=\"width: 985px\" class=\"wp-caption aligncenter\"><img loading=\"lazy\" decoding=\"async\" class=\"wp-image-134 size-full\" src=\"http:\/\/erablierewesthill.ca\/wp-content\/uploads\/2016\/03\/Erabliere16.8.jpg\" alt=\"Antoine tap master! -Antoine l'entailleur!\" width=\"985\" height=\"689\" srcset=\"https:\/\/erablierewesthill.ca\/wp-content\/uploads\/2016\/03\/Erabliere16.8.jpg 985w, https:\/\/erablierewesthill.ca\/wp-content\/uploads\/2016\/03\/Erabliere16.8-300x210.jpg 300w, https:\/\/erablierewesthill.ca\/wp-content\/uploads\/2016\/03\/Erabliere16.8-768x537.jpg 768w\" sizes=\"auto, (max-width: 985px) 100vw, 985px\" \/><figcaption id=\"caption-attachment-134\" class=\"wp-caption-text\">Antoine tap master! -Antoine l&#8217;entailleur!<\/figcaption><\/figure>\n<figure id=\"attachment_133\" aria-describedby=\"caption-attachment-133\" style=\"width: 991px\" class=\"wp-caption aligncenter\"><img loading=\"lazy\" decoding=\"async\" class=\"wp-image-133 size-full\" src=\"http:\/\/erablierewesthill.ca\/wp-content\/uploads\/2016\/03\/Erabliere16.7.jpg\" alt=\"Christina shows how to tap a spigot! - Christina nous montre comment installer un chalumeau.\" width=\"991\" height=\"737\" srcset=\"https:\/\/erablierewesthill.ca\/wp-content\/uploads\/2016\/03\/Erabliere16.7.jpg 991w, https:\/\/erablierewesthill.ca\/wp-content\/uploads\/2016\/03\/Erabliere16.7-300x223.jpg 300w, https:\/\/erablierewesthill.ca\/wp-content\/uploads\/2016\/03\/Erabliere16.7-768x571.jpg 768w\" sizes=\"auto, (max-width: 991px) 100vw, 991px\" \/><figcaption id=\"caption-attachment-133\" class=\"wp-caption-text\">Christina shows how to tap a spigot! &#8211; Christina nous montre comment installer un chalumeau.<\/figcaption><\/figure>\n<figure id=\"attachment_127\" aria-describedby=\"caption-attachment-127\" style=\"width: 988px\" class=\"wp-caption aligncenter\"><img loading=\"lazy\" decoding=\"async\" class=\"wp-image-127 size-full\" src=\"http:\/\/erablierewesthill.ca\/wp-content\/uploads\/2016\/03\/Erabliere16.1.jpg\" alt=\"A typical tapped sugar maple with food grade tubes. Une entaille typique avec chalumeau et tubulure.\" width=\"988\" height=\"741\" srcset=\"https:\/\/erablierewesthill.ca\/wp-content\/uploads\/2016\/03\/Erabliere16.1.jpg 988w, https:\/\/erablierewesthill.ca\/wp-content\/uploads\/2016\/03\/Erabliere16.1-300x225.jpg 300w, https:\/\/erablierewesthill.ca\/wp-content\/uploads\/2016\/03\/Erabliere16.1-768x576.jpg 768w\" sizes=\"auto, (max-width: 988px) 100vw, 988px\" \/><figcaption id=\"caption-attachment-127\" class=\"wp-caption-text\">A typical tapped sugar maple with food grade tubes. Une entaille typique avec chalumeau et tubulure.<\/figcaption><\/figure>\n<figure id=\"attachment_132\" aria-describedby=\"caption-attachment-132\" style=\"width: 557px\" class=\"wp-caption aligncenter\"><img loading=\"lazy\" decoding=\"async\" class=\"wp-image-132 size-full\" src=\"http:\/\/erablierewesthill.ca\/wp-content\/uploads\/2016\/03\/Erabliere16.6.jpg\" alt=\"Large maples need to be protected from overtapping, each is monitored. Les grosses \u00e9rables sont prot\u00e9g\u00e9s du sur-entaillage en les inspectants en d\u00e9tail.\" width=\"557\" height=\"694\" srcset=\"https:\/\/erablierewesthill.ca\/wp-content\/uploads\/2016\/03\/Erabliere16.6.jpg 557w, https:\/\/erablierewesthill.ca\/wp-content\/uploads\/2016\/03\/Erabliere16.6-241x300.jpg 241w\" sizes=\"auto, (max-width: 557px) 100vw, 557px\" \/><figcaption id=\"caption-attachment-132\" class=\"wp-caption-text\">Large maples need to be protected from overtapping, each is monitored. Les grosses \u00e9rables sont prot\u00e9g\u00e9s du sur-entaillage en les inspectants en d\u00e9tail.<\/figcaption><\/figure>\n<figure id=\"attachment_130\" aria-describedby=\"caption-attachment-130\" style=\"width: 987px\" class=\"wp-caption aligncenter\"><img loading=\"lazy\" decoding=\"async\" class=\"wp-image-130 size-full\" src=\"http:\/\/erablierewesthill.ca\/wp-content\/uploads\/2016\/03\/Erabliere16.4.jpg\" alt=\"Slopes and collector tubes create a romantic web... for the maple farmer! Les pentes, les tubulures forment un beau r\u00e9seau... pour l'ac\u00e9riculteur!\" width=\"987\" height=\"736\" srcset=\"https:\/\/erablierewesthill.ca\/wp-content\/uploads\/2016\/03\/Erabliere16.4.jpg 987w, https:\/\/erablierewesthill.ca\/wp-content\/uploads\/2016\/03\/Erabliere16.4-300x224.jpg 300w, https:\/\/erablierewesthill.ca\/wp-content\/uploads\/2016\/03\/Erabliere16.4-768x573.jpg 768w\" sizes=\"auto, (max-width: 987px) 100vw, 987px\" \/><figcaption id=\"caption-attachment-130\" class=\"wp-caption-text\">Slopes and collector tubes create a romantic web&#8230; for the maple farmer! Les pentes, les tubulures forment un beau r\u00e9seau&#8230; pour l&#8217;ac\u00e9riculteur!<\/figcaption><\/figure>\n<figure id=\"attachment_131\" aria-describedby=\"caption-attachment-131\" style=\"width: 990px\" class=\"wp-caption aligncenter\"><img loading=\"lazy\" decoding=\"async\" class=\"wp-image-131 size-full\" src=\"http:\/\/erablierewesthill.ca\/wp-content\/uploads\/2016\/03\/Erabliere16.5.jpg\" alt=\"Snow melts differently where water is in the soil, this helps maple obtain moisture in summer. Les patterns de fonte de neige nous indique les \u00e9coulements d'eau sous terrain qui vont irriguer les \u00e9rables en \u00e9t\u00e9 \" width=\"990\" height=\"738\" srcset=\"https:\/\/erablierewesthill.ca\/wp-content\/uploads\/2016\/03\/Erabliere16.5.jpg 990w, https:\/\/erablierewesthill.ca\/wp-content\/uploads\/2016\/03\/Erabliere16.5-300x224.jpg 300w, https:\/\/erablierewesthill.ca\/wp-content\/uploads\/2016\/03\/Erabliere16.5-768x573.jpg 768w\" sizes=\"auto, (max-width: 990px) 100vw, 990px\" \/><figcaption id=\"caption-attachment-131\" class=\"wp-caption-text\">Snow melts differently where water is in the soil, this helps maple obtain moisture in summer. Les patterns de fonte de neige nous indique les \u00e9coulements d&#8217;eau sous terrain qui vont irriguer les \u00e9rables en \u00e9t\u00e9<\/figcaption><\/figure>\n<figure id=\"attachment_129\" aria-describedby=\"caption-attachment-129\" style=\"width: 991px\" class=\"wp-caption aligncenter\"><img loading=\"lazy\" decoding=\"async\" class=\"wp-image-129 size-full\" src=\"http:\/\/erablierewesthill.ca\/wp-content\/uploads\/2016\/03\/Erabliere16.3.jpg\" alt=\"Life under the snow is just dormant getting ready to burst with green in a few weeks. La vie sous la neige n'attend que son tour pour se parer de vert dans quelques semaines\" width=\"991\" height=\"735\" srcset=\"https:\/\/erablierewesthill.ca\/wp-content\/uploads\/2016\/03\/Erabliere16.3.jpg 991w, https:\/\/erablierewesthill.ca\/wp-content\/uploads\/2016\/03\/Erabliere16.3-300x223.jpg 300w, https:\/\/erablierewesthill.ca\/wp-content\/uploads\/2016\/03\/Erabliere16.3-768x570.jpg 768w\" sizes=\"auto, (max-width: 991px) 100vw, 991px\" \/><figcaption id=\"caption-attachment-129\" class=\"wp-caption-text\">Life under the snow is just dormant getting ready to burst with green in a few weeks. La vie sous la neige n&#8217;attend que son tour pour se parer de vert dans quelques semaines<\/figcaption><\/figure>\n<figure id=\"attachment_128\" aria-describedby=\"caption-attachment-128\" style=\"width: 474px\" class=\"wp-caption aligncenter\"><img loading=\"lazy\" decoding=\"async\" class=\"wp-image-128 size-large\" src=\"http:\/\/erablierewesthill.ca\/wp-content\/uploads\/2016\/03\/Erabliere16.2-1024x415.jpg\" alt=\"WestHill is part of the Sutton mountain range which is part of the larger Green Mountains of Vermont. La colline Westhill fait parti des monts Sutton qui sont eux m\u00eame une extension des Montagnes Vertes du Vermont.\" width=\"474\" height=\"192\" srcset=\"https:\/\/erablierewesthill.ca\/wp-content\/uploads\/2016\/03\/Erabliere16.2-1024x415.jpg 1024w, https:\/\/erablierewesthill.ca\/wp-content\/uploads\/2016\/03\/Erabliere16.2-300x122.jpg 300w, https:\/\/erablierewesthill.ca\/wp-content\/uploads\/2016\/03\/Erabliere16.2-768x311.jpg 768w, https:\/\/erablierewesthill.ca\/wp-content\/uploads\/2016\/03\/Erabliere16.2.jpg 1565w\" sizes=\"auto, (max-width: 474px) 100vw, 474px\" \/><figcaption id=\"caption-attachment-128\" class=\"wp-caption-text\">WestHill is part of the Sutton mountain range which is part of the larger Green Mountains of Vermont. La colline Westhill fait parti des monts Sutton qui sont eux m\u00eame une extension des Montagnes Vertes du Vermont.<\/figcaption><\/figure>\n","protected":false},"excerpt":{"rendered":"<p>2016 est enfin arriv&eacute;e! &nbsp;C&rsquo;est la 15&egrave;me saison de production de sirop d&rsquo;&eacute;rable, de beurre d&rsquo;&eacute;rable, tire d&rsquo;&eacute;rable et chocolats fourr&eacute;s au beurre d&rsquo;&eacute;rable! &nbsp;Le printemps est tr&egrave;s hatif cette ann&eacute;e, un hiver tr&egrave;s doux contrairement &agrave; l&rsquo;an dernier. &nbsp;Le couvert de neige est mince aussi mais tout semble normal sinon. &nbsp; On a d&eacute;j&agrave; &hellip; <a href=\"https:\/\/erablierewesthill.ca\/?page_id=125\" class=\"more-link\">Continue reading <span class=\"screen-reader-text\">SAISON 2016 SEASON<\/span> <span class=\"meta-nav\">&rarr;<\/span><\/a><\/p>\n","protected":false},"author":1,"featured_media":0,"parent":139,"menu_order":9,"comment_status":"closed","ping_status":"closed","template":"","meta":{"footnotes":""},"class_list":["post-125","page","type-page","status-publish","hentry"],"_links":{"self":[{"href":"https:\/\/erablierewesthill.ca\/index.php?rest_route=\/wp\/v2\/pages\/125","targetHints":{"allow":["GET"]}}],"collection":[{"href":"https:\/\/erablierewesthill.ca\/index.php?rest_route=\/wp\/v2\/pages"}],"about":[{"href":"https:\/\/erablierewesthill.ca\/index.php?rest_route=\/wp\/v2\/types\/page"}],"author":[{"embeddable":true,"href":"https:\/\/erablierewesthill.ca\/index.php?rest_route=\/wp\/v2\/users\/1"}],"replies":[{"embeddable":true,"href":"https:\/\/erablierewesthill.ca\/index.php?rest_route=%2Fwp%2Fv2%2Fcomments&post=125"}],"version-history":[{"count":4,"href":"https:\/\/erablierewesthill.ca\/index.php?rest_route=\/wp\/v2\/pages\/125\/revisions"}],"predecessor-version":[{"id":167,"href":"https:\/\/erablierewesthill.ca\/index.php?rest_route=\/wp\/v2\/pages\/125\/revisions\/167"}],"up":[{"embeddable":true,"href":"https:\/\/erablierewesthill.ca\/index.php?rest_route=\/wp\/v2\/pages\/139"}],"wp:attachment":[{"href":"https:\/\/erablierewesthill.ca\/index.php?rest_route=%2Fwp%2Fv2%2Fmedia&parent=125"}],"curies":[{"name":"wp","href":"https:\/\/api.w.org\/{rel}","templated":true}]}}