{"id":214,"date":"2020-04-01T03:34:39","date_gmt":"2020-04-01T03:34:39","guid":{"rendered":"http:\/\/erablierewesthill.ca\/?page_id=214"},"modified":"2026-02-02T22:14:34","modified_gmt":"2026-02-02T22:14:34","slug":"season-2020-saison","status":"publish","type":"page","link":"https:\/\/erablierewesthill.ca\/?page_id=214","title":{"rendered":"SEASON 2020 SAISON"},"content":{"rendered":"\n<p>2020  est notre 19\u00e8me saison de production de sirop d\u2019\u00e9rable, beurre d\u2019\u00e9rable, tire d\u2019\u00e9rable et chocolats fourr\u00e9s au beurre d\u2019\u00e9rable!<\/p>\n\n\n\n<p>La saison a d\u00e9marr\u00e9 tr\u00e8s vite car d\u00e8s la fin mars nous avons d\u00e9j\u00e0 r\u00e9colt\u00e9 autant de sirop que l&#8217;an dernier \u00e0 la mi-avril.  R\u00e9chauffement climatique ou COVID19 qui sait?  Malheureusement le temps des sucres coincide avec  la quarantaine soit obligatoire ou sugg\u00e9r\u00e9e donc aucune visite n&#8217;est permise \u00e0 la cabane durant la r\u00e9colte du sirop.<\/p>\n\n\n\n<p>La situation est difficile mais le sirop est quand m\u00eame disponible pour l&#8217;achat.  Appelez nous sinon pour faire une commande. N\u2019oubliez pas nous ne servons pas de repas de cabane. Appelez-nous avant de vous d\u00e9placer au 450-292-3338 sinon hors saison au 450-360-0688.<\/p>\n\n\n\n<figure class=\"wp-block-image size-large\"><img loading=\"lazy\" decoding=\"async\" width=\"1024\" height=\"268\" src=\"http:\/\/erablierewesthill.ca\/wp-content\/uploads\/2020\/04\/Echantillons-Sirop-Erable-2020-1024x268.png\" alt=\"\" class=\"wp-image-227\" srcset=\"https:\/\/erablierewesthill.ca\/wp-content\/uploads\/2020\/04\/Echantillons-Sirop-Erable-2020-1024x268.png 1024w, https:\/\/erablierewesthill.ca\/wp-content\/uploads\/2020\/04\/Echantillons-Sirop-Erable-2020-300x79.png 300w, https:\/\/erablierewesthill.ca\/wp-content\/uploads\/2020\/04\/Echantillons-Sirop-Erable-2020-768x201.png 768w, https:\/\/erablierewesthill.ca\/wp-content\/uploads\/2020\/04\/Echantillons-Sirop-Erable-2020-1536x402.png 1536w, https:\/\/erablierewesthill.ca\/wp-content\/uploads\/2020\/04\/Echantillons-Sirop-Erable-2020-2048x537.png 2048w\" sizes=\"auto, (max-width: 1024px) 100vw, 1024px\" \/><figcaption>Samples of 2020 season harvest, \u00c9chantillons de la r\u00e9colte 2020<\/figcaption><\/figure>\n\n\n\n<figure class=\"wp-block-image size-large\"><img loading=\"lazy\" decoding=\"async\" width=\"1024\" height=\"768\" src=\"http:\/\/erablierewesthill.ca\/wp-content\/uploads\/2020\/04\/IMG_3587-1024x768.jpeg\" alt=\"\" class=\"wp-image-216\" srcset=\"https:\/\/erablierewesthill.ca\/wp-content\/uploads\/2020\/04\/IMG_3587-1024x768.jpeg 1024w, https:\/\/erablierewesthill.ca\/wp-content\/uploads\/2020\/04\/IMG_3587-300x225.jpeg 300w, https:\/\/erablierewesthill.ca\/wp-content\/uploads\/2020\/04\/IMG_3587-768x576.jpeg 768w, https:\/\/erablierewesthill.ca\/wp-content\/uploads\/2020\/04\/IMG_3587-1536x1152.jpeg 1536w, https:\/\/erablierewesthill.ca\/wp-content\/uploads\/2020\/04\/IMG_3587-2048x1536.jpeg 2048w\" sizes=\"auto, (max-width: 1024px) 100vw, 1024px\" \/><figcaption>No access without an appointment, pas de visite sans rendez-vous durant COVID19<\/figcaption><\/figure>\n\n\n\n<p>2020 is our 19th season of producing maple syrup, maple butter, maple taffy and chocolates filled with maple butter! <br><\/p>\n\n\n\n<p>The season started in earnest and as such by the end of March we have already harvested as much syrup as last year in mid-April. Global warming or COVID19 who knows? Unfortunately the sugaring season coincides with a mandatory or suggested quarantine so no visit is allowed at the sugar shack during sugaring season.<\/p>\n\n\n\n<p>The situation is difficult, we hope you understand but the new syrup is still available for purchase. Call or email us to put an order. Remember, we do not serve meals. Call us before visiting to 450-292-3338 if out of season at 450-360-0688.<\/p>\n\n\n\n<figure class=\"wp-block-image size-large\"><img loading=\"lazy\" decoding=\"async\" width=\"1024\" height=\"768\" src=\"http:\/\/erablierewesthill.ca\/wp-content\/uploads\/2020\/04\/IMG_3550-1024x768.jpeg\" alt=\"\" class=\"wp-image-217\" srcset=\"https:\/\/erablierewesthill.ca\/wp-content\/uploads\/2020\/04\/IMG_3550-1024x768.jpeg 1024w, https:\/\/erablierewesthill.ca\/wp-content\/uploads\/2020\/04\/IMG_3550-300x225.jpeg 300w, https:\/\/erablierewesthill.ca\/wp-content\/uploads\/2020\/04\/IMG_3550-768x576.jpeg 768w, https:\/\/erablierewesthill.ca\/wp-content\/uploads\/2020\/04\/IMG_3550-1536x1152.jpeg 1536w, https:\/\/erablierewesthill.ca\/wp-content\/uploads\/2020\/04\/IMG_3550-2048x1536.jpeg 2048w\" sizes=\"auto, (max-width: 1024px) 100vw, 1024px\" \/><figcaption>Nouveau chalumeau 1\/4&#8221;  &#8211; New 1\/4&#8221; spigot<\/figcaption><\/figure>\n\n\n\n<figure class=\"wp-block-image size-large\"><img loading=\"lazy\" decoding=\"async\" width=\"1024\" height=\"768\" src=\"http:\/\/erablierewesthill.ca\/wp-content\/uploads\/2020\/04\/IMG_3538-1024x768.jpeg\" alt=\"\" class=\"wp-image-218\" srcset=\"https:\/\/erablierewesthill.ca\/wp-content\/uploads\/2020\/04\/IMG_3538-1024x768.jpeg 1024w, https:\/\/erablierewesthill.ca\/wp-content\/uploads\/2020\/04\/IMG_3538-300x225.jpeg 300w, https:\/\/erablierewesthill.ca\/wp-content\/uploads\/2020\/04\/IMG_3538-768x576.jpeg 768w, https:\/\/erablierewesthill.ca\/wp-content\/uploads\/2020\/04\/IMG_3538-1536x1152.jpeg 1536w, https:\/\/erablierewesthill.ca\/wp-content\/uploads\/2020\/04\/IMG_3538-2048x1536.jpeg 2048w\" sizes=\"auto, (max-width: 1024px) 100vw, 1024px\" \/><figcaption>Tubulure qui r\u00e9colte l&#8217;eau d&#8217;\u00e9rable _ Mains collector hose that collects sap<\/figcaption><\/figure>\n","protected":false},"excerpt":{"rendered":"<p>2020 est notre 19&egrave;me saison de production de sirop d&rsquo;&eacute;rable, beurre d&rsquo;&eacute;rable, tire d&rsquo;&eacute;rable et chocolats fourr&eacute;s au beurre d&rsquo;&eacute;rable! La saison a d&eacute;marr&eacute; tr&egrave;s vite car d&egrave;s la fin mars nous avons d&eacute;j&agrave; r&eacute;colt&eacute; autant de sirop que l&rsquo;an dernier &agrave; la mi-avril. R&eacute;chauffement climatique ou COVID19 qui sait? Malheureusement le temps des sucres &hellip; <a href=\"https:\/\/erablierewesthill.ca\/?page_id=214\" class=\"more-link\">Continue reading <span class=\"screen-reader-text\">SEASON 2020 SAISON<\/span> <span class=\"meta-nav\">&rarr;<\/span><\/a><\/p>\n","protected":false},"author":1,"featured_media":215,"parent":139,"menu_order":5,"comment_status":"closed","ping_status":"closed","template":"","meta":{"footnotes":""},"class_list":["post-214","page","type-page","status-publish","has-post-thumbnail","hentry"],"_links":{"self":[{"href":"https:\/\/erablierewesthill.ca\/index.php?rest_route=\/wp\/v2\/pages\/214","targetHints":{"allow":["GET"]}}],"collection":[{"href":"https:\/\/erablierewesthill.ca\/index.php?rest_route=\/wp\/v2\/pages"}],"about":[{"href":"https:\/\/erablierewesthill.ca\/index.php?rest_route=\/wp\/v2\/types\/page"}],"author":[{"embeddable":true,"href":"https:\/\/erablierewesthill.ca\/index.php?rest_route=\/wp\/v2\/users\/1"}],"replies":[{"embeddable":true,"href":"https:\/\/erablierewesthill.ca\/index.php?rest_route=%2Fwp%2Fv2%2Fcomments&post=214"}],"version-history":[{"count":3,"href":"https:\/\/erablierewesthill.ca\/index.php?rest_route=\/wp\/v2\/pages\/214\/revisions"}],"predecessor-version":[{"id":230,"href":"https:\/\/erablierewesthill.ca\/index.php?rest_route=\/wp\/v2\/pages\/214\/revisions\/230"}],"up":[{"embeddable":true,"href":"https:\/\/erablierewesthill.ca\/index.php?rest_route=\/wp\/v2\/pages\/139"}],"wp:featuredmedia":[{"embeddable":true,"href":"https:\/\/erablierewesthill.ca\/index.php?rest_route=\/wp\/v2\/media\/215"}],"wp:attachment":[{"href":"https:\/\/erablierewesthill.ca\/index.php?rest_route=%2Fwp%2Fv2%2Fmedia&parent=214"}],"curies":[{"name":"wp","href":"https:\/\/api.w.org\/{rel}","templated":true}]}}