{"id":7,"date":"2014-03-15T18:32:30","date_gmt":"2014-03-15T18:32:30","guid":{"rendered":"http:\/\/erablierewesthill.ca\/about-us-a-propos-de-nous\/"},"modified":"2022-03-21T14:44:22","modified_gmt":"2022-03-21T14:44:22","slug":"about-us-a-propos-de-nous","status":"publish","type":"page","link":"https:\/\/erablierewesthill.ca\/?page_id=7","title":{"rendered":"\u00c0 propos de nous \/ About Us"},"content":{"rendered":"<p style=\"text-align: center;\">L&#8217;\u00e9rabli\u00e8re West Hill est un projet familial qui a d\u00e9marr\u00e9 en 2000 suite aux r\u00eaves de Lise et Andr\u00e9 Paris d&#8217;avoir une \u00e9rabli\u00e8re comme projet de retraite et comme terrain de jeux pour r\u00e9unir la famille grandissante!<\/p>\n<p style=\"text-align: center;\"><a href=\"http:\/\/erablierewesthill.ca\/wp-content\/uploads\/2014\/03\/lise_andre.jpg\"><img loading=\"lazy\" decoding=\"async\" class=\"alignnone wp-image-82 size-full\" src=\"http:\/\/erablierewesthill.ca\/wp-content\/uploads\/2014\/03\/lise_andre.jpg\" alt=\"lise_andre\" width=\"751\" height=\"735\" srcset=\"https:\/\/erablierewesthill.ca\/wp-content\/uploads\/2014\/03\/lise_andre.jpg 751w, https:\/\/erablierewesthill.ca\/wp-content\/uploads\/2014\/03\/lise_andre-300x293.jpg 300w\" sizes=\"auto, (max-width: 751px) 100vw, 751px\" \/><\/a><br \/>\nErabliere West Hill is a family project that started in 2000 following the wishes of Lise and Andr\u00e9 Paris to own a sugar shack as a retirement project and to have a place to have family meetings and outdoor activities.<\/p>\n<p style=\"text-align: center;\"><a href=\"http:\/\/erablierewesthill.ca\/wp-content\/uploads\/2014\/03\/erablierewesthill_logo2.jpg\"><img loading=\"lazy\" decoding=\"async\" class=\"size-medium wp-image-29\" src=\"http:\/\/erablierewesthill.ca\/wp-content\/uploads\/2014\/03\/erablierewesthill_logo2-300x256.jpg\" alt=\"erablierewesthill_logo\" width=\"300\" height=\"256\" srcset=\"https:\/\/erablierewesthill.ca\/wp-content\/uploads\/2014\/03\/erablierewesthill_logo2-300x256.jpg 300w, https:\/\/erablierewesthill.ca\/wp-content\/uploads\/2014\/03\/erablierewesthill_logo2.jpg 559w\" sizes=\"auto, (max-width: 300px) 100vw, 300px\" \/><\/a><\/p>\n","protected":false},"excerpt":{"rendered":"<p>L&rsquo;&eacute;rabli&egrave;re West Hill est un projet familial qui a d&eacute;marr&eacute; en 2000 suite aux r&ecirc;ves de Lise et Andr&eacute; Paris d&rsquo;avoir une &eacute;rabli&egrave;re comme projet de retraite et comme terrain de jeux pour r&eacute;unir la famille grandissante! Erabliere West Hill is a family project that started in 2000 following the wishes of Lise and Andr&eacute; &hellip; <a href=\"https:\/\/erablierewesthill.ca\/?page_id=7\" class=\"more-link\">Continue reading <span class=\"screen-reader-text\">\u00c0 propos de nous \/ About Us<\/span> <span class=\"meta-nav\">&rarr;<\/span><\/a><\/p>\n","protected":false},"author":1,"featured_media":0,"parent":0,"menu_order":4,"comment_status":"closed","ping_status":"closed","template":"","meta":{"footnotes":""},"class_list":["post-7","page","type-page","status-publish","hentry"],"_links":{"self":[{"href":"https:\/\/erablierewesthill.ca\/index.php?rest_route=\/wp\/v2\/pages\/7","targetHints":{"allow":["GET"]}}],"collection":[{"href":"https:\/\/erablierewesthill.ca\/index.php?rest_route=\/wp\/v2\/pages"}],"about":[{"href":"https:\/\/erablierewesthill.ca\/index.php?rest_route=\/wp\/v2\/types\/page"}],"author":[{"embeddable":true,"href":"https:\/\/erablierewesthill.ca\/index.php?rest_route=\/wp\/v2\/users\/1"}],"replies":[{"embeddable":true,"href":"https:\/\/erablierewesthill.ca\/index.php?rest_route=%2Fwp%2Fv2%2Fcomments&post=7"}],"version-history":[{"count":5,"href":"https:\/\/erablierewesthill.ca\/index.php?rest_route=\/wp\/v2\/pages\/7\/revisions"}],"predecessor-version":[{"id":173,"href":"https:\/\/erablierewesthill.ca\/index.php?rest_route=\/wp\/v2\/pages\/7\/revisions\/173"}],"wp:attachment":[{"href":"https:\/\/erablierewesthill.ca\/index.php?rest_route=%2Fwp%2Fv2%2Fmedia&parent=7"}],"curies":[{"name":"wp","href":"https:\/\/api.w.org\/{rel}","templated":true}]}}